{"id":101,"date":"2024-01-05T12:12:08","date_gmt":"2024-01-05T12:12:08","guid":{"rendered":"https:\/\/deflinemimarlik.com.tr\/?page_id=101"},"modified":"2025-12-02T11:04:09","modified_gmt":"2025-12-02T11:04:09","slug":"takim","status":"publish","type":"page","link":"https:\/\/deflinemimarlik.com.tr\/?page_id=101","title":{"rendered":"Tak\u0131m"},"content":{"rendered":"\t\t<div data-elementor-type=\"wp-page\" data-elementor-id=\"101\" class=\"elementor elementor-101\">\n\t\t\t\t\t\t<section class=\"elementor-section elementor-top-section elementor-element elementor-element-f7dbd97 elementor-section-boxed elementor-section-height-default elementor-section-height-default\" data-id=\"f7dbd97\" data-element_type=\"section\" data-e-type=\"section\">\n\t\t\t\t\t\t<div class=\"elementor-container elementor-column-gap-default\">\n\t\t\t\t\t<div class=\"elementor-column elementor-col-100 elementor-top-column elementor-element elementor-element-215a911\" data-id=\"215a911\" data-element_type=\"column\" data-e-type=\"column\">\n\t\t\t<div class=\"elementor-widget-wrap elementor-element-populated\">\n\t\t\t\t\t\t<div class=\"elementor-element elementor-element-056509b elementor-widget__width-initial elementor-widget elementor-widget-image-box\" data-id=\"056509b\" data-element_type=\"widget\" data-e-type=\"widget\" data-widget_type=\"image-box.default\">\n\t\t\t\t<div class=\"elementor-widget-container\">\n\t\t\t\t\t<div class=\"elementor-image-box-wrapper\"><div class=\"elementor-image-box-content\"><h3 class=\"elementor-image-box-title\">Mimar \u0130brahim Burak Yaz\u0131c\u0131<\/h3><p class=\"elementor-image-box-description\">1997 y\u0131l\u0131nda \u00c7orum da do\u011fan \u0130brahim Burak Yaz\u0131c\u0131, 2015 y\u0131l\u0131nda Antalya Akev Anadolu Lisesinden mezun olmu\u015ftur.Lisans e\u011fitimini 2019 y\u0131l\u0131nda K\u0131br\u0131s Lefke Avrupa \u00dcniversitesinde tamamlam\u0131\u015ft\u0131r.2019-2021 y\u0131llar\u0131 aras\u0131nda Antalya \u00c7ivik \u0130n\u015faat Grup b\u00fcnyesinde mimar olarak \u00e7al\u0131\u015fm\u0131\u015ft\u0131r.2021 y\u0131l\u0131nda mixed use(kar\u0131\u015f\u0131k kullan\u0131m) bulunan projelerde \u015fantiye \u015fefli\u011fi yapm\u0131\u015ft\u0131r ayn\u0131 y\u0131l i\u00e7erisinde Ankara'da Def Line Mimarl\u0131k \u015firketini kurmu\u015ftur.<\/p><\/div><\/div>\t\t\t\t<\/div>\n\t\t\t\t<\/div>\n\t\t\t\t\t<\/div>\n\t\t<\/div>\n\t\t\t\t\t<\/div>\n\t\t<\/section>\n\t\t\t\t<section class=\"elementor-section elementor-top-section elementor-element elementor-element-0d650ad elementor-section-boxed elementor-section-height-default elementor-section-height-default\" data-id=\"0d650ad\" data-element_type=\"section\" data-e-type=\"section\">\n\t\t\t\t\t\t<div class=\"elementor-container elementor-column-gap-default\">\n\t\t\t\t\t<div class=\"elementor-column elementor-col-100 elementor-top-column elementor-element elementor-element-caf783d\" data-id=\"caf783d\" data-element_type=\"column\" data-e-type=\"column\">\n\t\t\t<div class=\"elementor-widget-wrap elementor-element-populated\">\n\t\t\t\t\t\t<div class=\"elementor-element elementor-element-56bfba2 elementor-widget__width-initial elementor-position-top elementor-widget elementor-widget-image-box\" data-id=\"56bfba2\" data-element_type=\"widget\" data-e-type=\"widget\" data-widget_type=\"image-box.default\">\n\t\t\t\t<div class=\"elementor-widget-container\">\n\t\t\t\t\t<div class=\"elementor-image-box-wrapper\"><figure class=\"elementor-image-box-img\"><img fetchpriority=\"high\" decoding=\"async\" width=\"1920\" height=\"1280\" src=\"https:\/\/deflinemimarlik.com.tr\/wp-content\/uploads\/2023\/01\/header-bg.jpg\" class=\"elementor-animation-shrink attachment-full size-full wp-image-4\" alt=\"\" srcset=\"https:\/\/deflinemimarlik.com.tr\/wp-content\/uploads\/2023\/01\/header-bg.jpg 1920w, https:\/\/deflinemimarlik.com.tr\/wp-content\/uploads\/2023\/01\/header-bg-300x200.jpg 300w, https:\/\/deflinemimarlik.com.tr\/wp-content\/uploads\/2023\/01\/header-bg-1024x683.jpg 1024w, https:\/\/deflinemimarlik.com.tr\/wp-content\/uploads\/2023\/01\/header-bg-768x512.jpg 768w, https:\/\/deflinemimarlik.com.tr\/wp-content\/uploads\/2023\/01\/header-bg-1536x1024.jpg 1536w\" sizes=\"(max-width: 1920px) 100vw, 1920px\" \/><\/figure><div class=\"elementor-image-box-content\"><h3 class=\"elementor-image-box-title\">\u0130n\u015faat M\u00fchendisi Abdurrahman \u00d6zmen<\/h3><\/div><\/div>\t\t\t\t<\/div>\n\t\t\t\t<\/div>\n\t\t\t\t\t<\/div>\n\t\t<\/div>\n\t\t\t\t\t<\/div>\n\t\t<\/section>\n\t\t\t\t<section class=\"elementor-section elementor-top-section elementor-element elementor-element-f3a8dc1 elementor-section-boxed elementor-section-height-default elementor-section-height-default\" data-id=\"f3a8dc1\" data-element_type=\"section\" data-e-type=\"section\">\n\t\t\t\t\t\t<div class=\"elementor-container elementor-column-gap-default\">\n\t\t\t\t\t<div class=\"elementor-column elementor-col-100 elementor-top-column elementor-element elementor-element-b496fcd\" data-id=\"b496fcd\" data-element_type=\"column\" data-e-type=\"column\">\n\t\t\t<div class=\"elementor-widget-wrap elementor-element-populated\">\n\t\t\t\t\t\t<div class=\"elementor-element elementor-element-44c2c8f elementor-widget__width-initial elementor-widget elementor-widget-image-box\" data-id=\"44c2c8f\" data-element_type=\"widget\" data-e-type=\"widget\" data-widget_type=\"image-box.default\">\n\t\t\t\t<div class=\"elementor-widget-container\">\n\t\t\t\t\t<div class=\"elementor-image-box-wrapper\"><div class=\"elementor-image-box-content\"><h3 class=\"elementor-image-box-title\">\u0130\u00e7 Mimar \u0130rfan Ba\u015fkan<\/h3><p class=\"elementor-image-box-description\">1995 y\u0131l\u0131nda Denizli de do\u011fan \u0130rfan Ba\u015fkan , 2013 y\u0131l\u0131nda Burdur Cumhuriyet  Anadolu  Lisesinden mezun olmu\u015ftur.Lisans e\u011fitimini 2019 y\u0131l\u0131nda K\u0131br\u0131s Lefke Avrupa \u00dcniversitesinde tamamlam\u0131\u015ft\u0131r.2019-2023 y\u0131llar\u0131 aras\u0131nda Denizli\u2019de kendisine ait  \u0130\u00e7 mimarl\u0131k ofisinde \u00e7al\u0131\u015fmalarda bulunmu\u015ftur. Ayn\u0131 zamanda Ahmet Yesevi \u00dcniversitesi \u0130\u015f Sa\u011fl\u0131\u011f\u0131 ve G\u00fcvenli\u011fi alan\u0131nda Y\u00fcksek Lisans\u0131n\u0131 tamamlam\u0131\u015ft\u0131r.<\/p><\/div><\/div>\t\t\t\t<\/div>\n\t\t\t\t<\/div>\n\t\t\t\t\t<\/div>\n\t\t<\/div>\n\t\t\t\t\t<\/div>\n\t\t<\/section>\n\t\t\t\t<\/div>\n\t\t","protected":false},"excerpt":{"rendered":"<p>Mimar \u0130brahim Burak Yaz\u0131c\u0131 1997 y\u0131l\u0131nda \u00c7orum da do\u011fan \u0130brahim Burak Yaz\u0131c\u0131, 2015 y\u0131l\u0131nda Antalya Akev Anadolu Lisesinden mezun olmu\u015ftur.Lisans e\u011fitimini 2019 y\u0131l\u0131nda K\u0131br\u0131s Lefke Avrupa \u00dcniversitesinde tamamlam\u0131\u015ft\u0131r.2019-2021 y\u0131llar\u0131 aras\u0131nda Antalya \u00c7ivik \u0130n\u015faat Grup b\u00fcnyesinde mimar olarak \u00e7al\u0131\u015fm\u0131\u015ft\u0131r.2021 y\u0131l\u0131nda mixed use(kar\u0131\u015f\u0131k kullan\u0131m) bulunan projelerde \u015fantiye \u015fefli\u011fi yapm\u0131\u015ft\u0131r ayn\u0131 y\u0131l i\u00e7erisinde Ankara&#8217;da Def Line Mimarl\u0131k \u015firketini [&hellip;]<\/p>\n","protected":false},"author":1,"featured_media":0,"parent":0,"menu_order":0,"comment_status":"closed","ping_status":"closed","template":"","meta":{"footnotes":""},"class_list":["post-101","page","type-page","status-publish","hentry"],"featured_media_urls":[],"_links":{"self":[{"href":"https:\/\/deflinemimarlik.com.tr\/index.php?rest_route=\/wp\/v2\/pages\/101","targetHints":{"allow":["GET"]}}],"collection":[{"href":"https:\/\/deflinemimarlik.com.tr\/index.php?rest_route=\/wp\/v2\/pages"}],"about":[{"href":"https:\/\/deflinemimarlik.com.tr\/index.php?rest_route=\/wp\/v2\/types\/page"}],"author":[{"embeddable":true,"href":"https:\/\/deflinemimarlik.com.tr\/index.php?rest_route=\/wp\/v2\/users\/1"}],"replies":[{"embeddable":true,"href":"https:\/\/deflinemimarlik.com.tr\/index.php?rest_route=%2Fwp%2Fv2%2Fcomments&post=101"}],"version-history":[{"count":22,"href":"https:\/\/deflinemimarlik.com.tr\/index.php?rest_route=\/wp\/v2\/pages\/101\/revisions"}],"predecessor-version":[{"id":233,"href":"https:\/\/deflinemimarlik.com.tr\/index.php?rest_route=\/wp\/v2\/pages\/101\/revisions\/233"}],"wp:attachment":[{"href":"https:\/\/deflinemimarlik.com.tr\/index.php?rest_route=%2Fwp%2Fv2%2Fmedia&parent=101"}],"curies":[{"name":"wp","href":"https:\/\/api.w.org\/{rel}","templated":true}]}}