{"id":100,"date":"2024-01-04T13:25:26","date_gmt":"2024-01-04T13:25:26","guid":{"rendered":"https:\/\/deflinemimarlik.com.tr\/?page_id=100"},"modified":"2024-01-04T13:25:26","modified_gmt":"2024-01-04T13:25:26","slug":"hakkimizda","status":"publish","type":"page","link":"https:\/\/deflinemimarlik.com.tr\/?page_id=100","title":{"rendered":"Hakk\u0131m\u0131zda"},"content":{"rendered":"\n<div class=\"wp-block-group has-global-padding is-layout-constrained wp-block-group-is-layout-constrained\">\n<p>Def Line Mimarl\u0131k 2021 y\u0131l\u0131ndan bu yana Ankara merkezli olmak \u00fczere bir \u00e7ok il de mimari proje ve uygulama yapmaktad\u0131r.B\u00fcnyemizde bulundurdu\u011fumuz mimar, i\u00e7 mimar, in\u015faat m\u00fchendisi ve teknik saha \u00e7al\u0131\u015fanlar\u0131 ile m\u00fc\u015fterilerimize hizmet vermekteyiz.<\/p>\n<\/div>\n","protected":false},"excerpt":{"rendered":"<p>Def Line Mimarl\u0131k 2021 y\u0131l\u0131ndan bu yana Ankara merkezli olmak \u00fczere bir \u00e7ok il de mimari proje ve uygulama yapmaktad\u0131r.B\u00fcnyemizde bulundurdu\u011fumuz mimar, i\u00e7 mimar, in\u015faat m\u00fchendisi ve teknik saha \u00e7al\u0131\u015fanlar\u0131 ile m\u00fc\u015fterilerimize hizmet vermekteyiz.<\/p>\n","protected":false},"author":1,"featured_media":83,"parent":0,"menu_order":0,"comment_status":"closed","ping_status":"closed","template":"","meta":{"footnotes":""},"class_list":["post-100","page","type-page","status-publish","has-post-thumbnail","hentry"],"featured_media_urls":{"thumbnail":["https:\/\/deflinemimarlik.com.tr\/wp-content\/uploads\/2023\/11\/DEFLINE-e1700646118856-150x150.png",150,150,true],"medium":["https:\/\/deflinemimarlik.com.tr\/wp-content\/uploads\/2023\/11\/DEFLINE-e1700646118856-300x84.png",300,84,true],"medium_large":["https:\/\/deflinemimarlik.com.tr\/wp-content\/uploads\/2023\/11\/DEFLINE-768x390.png",768,390,true],"large":["https:\/\/deflinemimarlik.com.tr\/wp-content\/uploads\/2023\/11\/DEFLINE-e1700646118856.png",588,165,false],"1536x1536":["https:\/\/deflinemimarlik.com.tr\/wp-content\/uploads\/2023\/11\/DEFLINE-e1700646118856.png",588,165,false],"2048x2048":["https:\/\/deflinemimarlik.com.tr\/wp-content\/uploads\/2023\/11\/DEFLINE-e1700646118856.png",588,165,false],"portfolio_item-thumbnail":["https:\/\/deflinemimarlik.com.tr\/wp-content\/uploads\/2023\/11\/DEFLINE-600x400.png",600,400,true],"portfolio_item-thumbnail@2x":["https:\/\/deflinemimarlik.com.tr\/wp-content\/uploads\/2023\/11\/DEFLINE-e1700646118856.png",588,165,false],"portfolio_item-masonry":["https:\/\/deflinemimarlik.com.tr\/wp-content\/uploads\/2023\/11\/DEFLINE-600x305.png",600,305,true],"portfolio_item-masonry@2x":["https:\/\/deflinemimarlik.com.tr\/wp-content\/uploads\/2023\/11\/DEFLINE-e1700646118856.png",588,165,false],"portfolio_item-thumbnail_cinema":["https:\/\/deflinemimarlik.com.tr\/wp-content\/uploads\/2023\/11\/DEFLINE-800x335.png",800,335,true],"portfolio_item-thumbnail_portrait":["https:\/\/deflinemimarlik.com.tr\/wp-content\/uploads\/2023\/11\/DEFLINE-600x437.png",600,437,true],"portfolio_item-thumbnail_portrait@2x":["https:\/\/deflinemimarlik.com.tr\/wp-content\/uploads\/2023\/11\/DEFLINE-e1700646118856.png",588,165,false],"portfolio_item-thumbnail_square":["https:\/\/deflinemimarlik.com.tr\/wp-content\/uploads\/2023\/11\/DEFLINE-800x437.png",800,437,true]},"_links":{"self":[{"href":"https:\/\/deflinemimarlik.com.tr\/index.php?rest_route=\/wp\/v2\/pages\/100","targetHints":{"allow":["GET"]}}],"collection":[{"href":"https:\/\/deflinemimarlik.com.tr\/index.php?rest_route=\/wp\/v2\/pages"}],"about":[{"href":"https:\/\/deflinemimarlik.com.tr\/index.php?rest_route=\/wp\/v2\/types\/page"}],"author":[{"embeddable":true,"href":"https:\/\/deflinemimarlik.com.tr\/index.php?rest_route=\/wp\/v2\/users\/1"}],"replies":[{"embeddable":true,"href":"https:\/\/deflinemimarlik.com.tr\/index.php?rest_route=%2Fwp%2Fv2%2Fcomments&post=100"}],"version-history":[{"count":1,"href":"https:\/\/deflinemimarlik.com.tr\/index.php?rest_route=\/wp\/v2\/pages\/100\/revisions"}],"predecessor-version":[{"id":104,"href":"https:\/\/deflinemimarlik.com.tr\/index.php?rest_route=\/wp\/v2\/pages\/100\/revisions\/104"}],"wp:featuredmedia":[{"embeddable":true,"href":"https:\/\/deflinemimarlik.com.tr\/index.php?rest_route=\/wp\/v2\/media\/83"}],"wp:attachment":[{"href":"https:\/\/deflinemimarlik.com.tr\/index.php?rest_route=%2Fwp%2Fv2%2Fmedia&parent=100"}],"curies":[{"name":"wp","href":"https:\/\/api.w.org\/{rel}","templated":true}]}}